{"id":45,"date":"2013-08-27T05:51:28","date_gmt":"2013-08-27T05:51:28","guid":{"rendered":"http:\/\/www.publicconsulting.cl\/?page_id=45"},"modified":"2016-12-21T18:24:33","modified_gmt":"2016-12-21T18:24:33","slug":"empresas","status":"publish","type":"page","link":"https:\/\/www.publicconsulting.cl\/?page_id=45","title":{"rendered":"Empresas"},"content":{"rendered":"<ul>\n<li>Agrosuper Ltda.<\/li>\n<li>Aguas Claras S.A.<\/li>\n<li>Aislapol<\/li>\n<li>Alitec S.A.<\/li>\n<li>Asesor\u00edas y Servicios Bagunck Ltda.<\/li>\n<li>AST System<\/li>\n<li>Bioquality S.A.<\/li>\n<li>Biotec<\/li>\n<li>Casas B\u00f3rquez<\/li>\n<li>Cecinas Modinger Hnos.<\/li>\n<li>Cepsa<\/li>\n<li>Chilolac Ltda.<\/li>\n<li>Cl\u00ednica La Candelaria<\/li>\n<li>Coca Cola<\/li>\n<li>Col\u00fan<\/li>\n<li>Comercial Nitobel Ltda.<\/li>\n<li>Constructora Baper S.A.<\/li>\n<li>Constructora Stange<\/li>\n<li>Constructora Velasco<\/li>\n<li>Consultora Pupelde<\/li>\n<li>Covepa<\/li>\n<li>Crell<\/li>\n<li>Cultivos Marinos del Pac\u00edfico S.A.<\/li>\n<li>Cultivos Yadr\u00e1n<\/li>\n<li>Danisco Chile S.A.<\/li>\n<li>DIBAM<\/li>\n<li>Diperk S.A.<\/li>\n<li>Ditec<\/li>\n<li>DSM<\/li>\n<li>Ducasse<\/li>\n<li>Ecsa S.A.<\/li>\n<li>Empresa Portuaria Puerto Montt<\/li>\n<li>Empresas Mel\u00f3n S.A.<\/li>\n<li>Entel S.A.<\/li>\n<li>Ewos Chile<\/li>\n<li>Falabella<\/li>\n<li>Ferco S.A.<\/li>\n<li>Ferosor Agr\u00edcola S.A.<\/li>\n<li>Fimar Treading Ltda.<\/li>\n<li>Florian Lembke<\/li>\n<li>Forestal A\u00f1ihue S.A<\/li>\n<li>Forestal los Lagos S.A.<\/li>\n<li>Fusi\u00f3n Marine<\/li>\n<li>Ganasur S.A.<\/li>\n<li>Gendarmer\u00eda de Chile<\/li>\n<li>Gobierno Regional de Santiago<\/li>\n<li>Haug Aqua Chile S.A.<\/li>\n<li>Indap<\/li>\n<li>Instituto Fomento Pesquero<\/li>\n<li>Intergra Ltda.<\/li>\n<li>Investigaciones de Chile<\/li>\n<li>IST<\/li>\n<li>Kunstmann<\/li>\n<li>La Polar<\/li>\n<li>Lago Cabrera S. A.<\/li>\n<li>Maestanza Hidrotec<\/li>\n<li>Maestranza Valdivia<\/li>\n<li>Mariscope Chilena Ltda.<\/li>\n<li>Master PC.<\/li>\n<li>Ministerio de Obras P\u00fablicas<\/li>\n<li>Nautatec Ltda.<\/li>\n<li>Navimag<\/li>\n<li>Nutreco<\/li>\n<li>Oxxean<\/li>\n<li>Pesquera Eicosal Ltda.<\/li>\n<li>Pesquera Pacific Star<\/li>\n<li>Poch Ambiental<\/li>\n<li>Precisi\u00f3n Servicios S.A.<\/li>\n<li>Salmofood S.A.<\/li>\n<li>Salmones Mainstream S.A.<\/li>\n<li>Salmones Multiexport Ltda.<\/li>\n<li>Salmovet<\/li>\n<li>Servicios Mar\u00edtimos del Sur Ltda.<\/li>\n<li>Sitecna<\/li>\n<li>Socoepa<\/li>\n<li>Socovesa<\/li>\n<li>Speedway Motomensajer\u00eda<\/li>\n<li>Stolt Sea Farm<\/li>\n<li>Strong Ltda.<\/li>\n<li>Techno Press S.A.<\/li>\n<li>Telef\u00f3nica del Sur<\/li>\n<li>Trinogo Ltda.<\/li>\n<li>Vignola<\/li>\n<li>Wellboat<\/li>\n<li>Xantos Ltda.<\/li>\n<\/ul>\n","protected":false},"excerpt":{"rendered":"<p>Agrosuper Ltda. Aguas Claras S.A. Aislapol Alitec S.A. Asesor\u00edas y Servicios Bagunck Ltda. AST System Bioquality S.A. Biotec Casas B\u00f3rquez Cecinas Modinger Hnos. Cepsa Chilolac Ltda. Cl\u00ednica La Candelaria Coca Cola Col\u00fan Comercial Nitobel Ltda. Constructora Baper S.A. Constructora Stange Constructora Velasco Consultora Pupelde Covepa Crell Cultivos Marinos del Pac\u00edfico S.A. Cultivos Yadr\u00e1n Danisco Chile [&hellip;]<\/p>\n","protected":false},"author":1,"featured_media":0,"parent":0,"menu_order":0,"comment_status":"closed","ping_status":"closed","template":"","meta":{"_mi_skip_tracking":false},"_links":{"self":[{"href":"https:\/\/www.publicconsulting.cl\/index.php?rest_route=\/wp\/v2\/pages\/45"}],"collection":[{"href":"https:\/\/www.publicconsulting.cl\/index.php?rest_route=\/wp\/v2\/pages"}],"about":[{"href":"https:\/\/www.publicconsulting.cl\/index.php?rest_route=\/wp\/v2\/types\/page"}],"author":[{"embeddable":true,"href":"https:\/\/www.publicconsulting.cl\/index.php?rest_route=\/wp\/v2\/users\/1"}],"replies":[{"embeddable":true,"href":"https:\/\/www.publicconsulting.cl\/index.php?rest_route=%2Fwp%2Fv2%2Fcomments&post=45"}],"version-history":[{"count":3,"href":"https:\/\/www.publicconsulting.cl\/index.php?rest_route=\/wp\/v2\/pages\/45\/revisions"}],"predecessor-version":[{"id":412,"href":"https:\/\/www.publicconsulting.cl\/index.php?rest_route=\/wp\/v2\/pages\/45\/revisions\/412"}],"wp:attachment":[{"href":"https:\/\/www.publicconsulting.cl\/index.php?rest_route=%2Fwp%2Fv2%2Fmedia&parent=45"}],"curies":[{"name":"wp","href":"https:\/\/api.w.org\/{rel}","templated":true}]}}